{"id":193,"date":"2011-08-18T20:54:26","date_gmt":"2011-08-18T20:54:26","guid":{"rendered":"http:\/\/s377606150.onlinehome.fr\/Wordpress32\/?page_id=193"},"modified":"2022-10-05T19:58:51","modified_gmt":"2022-10-05T19:58:51","slug":"bureau-directeur","status":"publish","type":"page","link":"http:\/\/www.skiclub-laseynesurmer.com\/?page_id=193","title":{"rendered":"Bureau directeur"},"content":{"rendered":"\n<figure class=\"wp-block-image size-large is-resized\"><a href=\"http:\/\/www.skiclub-laseynesurmer.com\/wp-content\/uploads\/2022\/10\/bureau-1.jpg\"><img loading=\"lazy\" decoding=\"async\" src=\"http:\/\/www.skiclub-laseynesurmer.com\/wp-content\/uploads\/2022\/10\/bureau-1-1024x614.jpg\" alt=\"\" class=\"wp-image-7582\" width=\"378\" height=\"226\" srcset=\"http:\/\/www.skiclub-laseynesurmer.com\/wp-content\/uploads\/2022\/10\/bureau-1-1024x614.jpg 1024w, http:\/\/www.skiclub-laseynesurmer.com\/wp-content\/uploads\/2022\/10\/bureau-1-300x180.jpg 300w, http:\/\/www.skiclub-laseynesurmer.com\/wp-content\/uploads\/2022\/10\/bureau-1-768x460.jpg 768w, http:\/\/www.skiclub-laseynesurmer.com\/wp-content\/uploads\/2022\/10\/bureau-1.jpg 1428w\" sizes=\"auto, (max-width: 378px) 100vw, 378px\" \/><\/a><figcaption>Bureau 2022 \u00e0 2026<\/figcaption><\/figure>\n\n\n<p><span style=\"color: #ffffff;\"><span style=\"color: #000000;\">B<\/span><span style=\"color: #333333;\"><span style=\"color: #000000;\">r<\/span>igitte LAFOSSE&nbsp;(Pr\u00e9sidente)<\/span><\/span><br><span style=\"color: #ffffff;\"><span style=\"color: #333333;\">Thierry LAFOSSE (Vice pr\u00e9sident)<\/span><\/span><br><span style=\"color: #333333;\">&nbsp; &nbsp; &nbsp; &nbsp; &nbsp; &nbsp; &nbsp; &nbsp; &nbsp; &nbsp; &nbsp; &nbsp; &nbsp; &nbsp; &nbsp; &nbsp; &nbsp; (Responsable encadrement loisirs \/ Webmaster)<\/span><\/p>\n<p><span style=\"color: #333333;\">Val\u00e9rie <span style=\"color: #000000;\">VITIELLO<\/span> (Tr\u00e9sori\u00e8re)<\/span><br><span style=\"color: #000000;\">Michel CARREZ (Tr\u00e9sorier adjoint)<\/span><\/p>\n<p><span style=\"color: #000000;\">Juliette DANET (Secr\u00e9taire)<\/span><br><span style=\"color: #000000;\">V\u00e9ronique MESQUITA (Secr\u00e9taire adjointe)<\/span><\/p>\n<p><span style=\"color: #ffffff;\"><span style=\"color: #000000;\">Louis D&#8217;AMBROSIO&nbsp; (Licences)<\/span><\/span><\/p>\n<p><span style=\"color: #000000;\">Thomas BOUTIN (Membre)<\/span><\/p>\n\n\n<p><\/p>\n","protected":false},"excerpt":{"rendered":"<p>Brigitte LAFOSSE&nbsp;(Pr\u00e9sidente)Thierry LAFOSSE (Vice pr\u00e9sident)&nbsp; &nbsp; &nbsp; &nbsp; &nbsp; &nbsp; &nbsp; &nbsp; &nbsp; &nbsp; &nbsp; &nbsp; &nbsp; &nbsp; &nbsp; &nbsp; &nbsp; (Responsable encadrement loisirs \/ Webmaster) Val\u00e9rie VITIELLO (Tr\u00e9sori\u00e8re)Michel CARREZ (Tr\u00e9sorier adjoint) Juliette DANET (Secr\u00e9taire)V\u00e9ronique MESQUITA (Secr\u00e9taire adjointe) Louis D&#8217;AMBROSIO&nbsp; &hellip; <a href=\"http:\/\/www.skiclub-laseynesurmer.com\/?page_id=193\">Continuer la lecture <span class=\"meta-nav\">&rarr;<\/span><\/a><\/p>\n","protected":false},"author":9,"featured_media":0,"parent":199,"menu_order":10,"comment_status":"closed","ping_status":"closed","template":"","meta":{"ngg_post_thumbnail":0,"footnotes":""},"class_list":["post-193","page","type-page","status-publish","hentry"],"_links":{"self":[{"href":"http:\/\/www.skiclub-laseynesurmer.com\/index.php?rest_route=\/wp\/v2\/pages\/193","targetHints":{"allow":["GET"]}}],"collection":[{"href":"http:\/\/www.skiclub-laseynesurmer.com\/index.php?rest_route=\/wp\/v2\/pages"}],"about":[{"href":"http:\/\/www.skiclub-laseynesurmer.com\/index.php?rest_route=\/wp\/v2\/types\/page"}],"author":[{"embeddable":true,"href":"http:\/\/www.skiclub-laseynesurmer.com\/index.php?rest_route=\/wp\/v2\/users\/9"}],"replies":[{"embeddable":true,"href":"http:\/\/www.skiclub-laseynesurmer.com\/index.php?rest_route=%2Fwp%2Fv2%2Fcomments&post=193"}],"version-history":[{"count":24,"href":"http:\/\/www.skiclub-laseynesurmer.com\/index.php?rest_route=\/wp\/v2\/pages\/193\/revisions"}],"predecessor-version":[{"id":7597,"href":"http:\/\/www.skiclub-laseynesurmer.com\/index.php?rest_route=\/wp\/v2\/pages\/193\/revisions\/7597"}],"up":[{"embeddable":true,"href":"http:\/\/www.skiclub-laseynesurmer.com\/index.php?rest_route=\/wp\/v2\/pages\/199"}],"wp:attachment":[{"href":"http:\/\/www.skiclub-laseynesurmer.com\/index.php?rest_route=%2Fwp%2Fv2%2Fmedia&parent=193"}],"curies":[{"name":"wp","href":"https:\/\/api.w.org\/{rel}","templated":true}]}}