{"id":229,"date":"2011-08-18T21:33:04","date_gmt":"2011-08-18T21:33:04","guid":{"rendered":"http:\/\/s377606150.onlinehome.fr\/Wordpress32\/?page_id=229"},"modified":"2025-09-03T21:14:41","modified_gmt":"2025-09-03T21:14:41","slug":"stage-de-noel","status":"publish","type":"page","link":"http:\/\/www.skiclub-laseynesurmer.com\/?page_id=229","title":{"rendered":"Stage de No\u00ebl 2025"},"content":{"rendered":"\n<figure class=\"wp-block-image size-large\"><a href=\"http:\/\/www.skiclub-laseynesurmer.com\/wp-content\/uploads\/2024\/10\/014-noel23-scaled.jpg\"><img loading=\"lazy\" decoding=\"async\" width=\"1024\" height=\"512\" src=\"http:\/\/www.skiclub-laseynesurmer.com\/wp-content\/uploads\/2024\/10\/014-noel23-1024x512.jpg\" alt=\"\" class=\"wp-image-8664\" srcset=\"http:\/\/www.skiclub-laseynesurmer.com\/wp-content\/uploads\/2024\/10\/014-noel23-1024x512.jpg 1024w, http:\/\/www.skiclub-laseynesurmer.com\/wp-content\/uploads\/2024\/10\/014-noel23-300x150.jpg 300w, http:\/\/www.skiclub-laseynesurmer.com\/wp-content\/uploads\/2024\/10\/014-noel23-768x384.jpg 768w, http:\/\/www.skiclub-laseynesurmer.com\/wp-content\/uploads\/2024\/10\/014-noel23-1536x768.jpg 1536w, http:\/\/www.skiclub-laseynesurmer.com\/wp-content\/uploads\/2024\/10\/014-noel23-2048x1024.jpg 2048w\" sizes=\"auto, (max-width: 1024px) 100vw, 1024px\" \/><\/a><\/figure>\n\n\n<p style=\"text-align: center;\"><span style=\"color: #000099;\">Ce stage est organis\u00e9 du 26 au 30 d\u00e9cembre 2025 \u00e0 Vars \u00e0<br \/>l&#8217;H\u00f4tel &#8220;Le Monte Pente&#8221; situ\u00e9 au pied du t\u00e9l\u00e9si\u00e8ge&nbsp; du&#8221; bois noir&#8221; \u00e0 Vars St Marie.<\/span><\/p>\n<p><span style=\"color: #000099;\">Il est propos\u00e9 \u00e0 tous les membres du club (jeunes et adultes).<br \/><\/span><span style=\"color: #000099;\">L&#8217;objectif de ce stage est la remise en jambes et l&#8217;acquisition de nouvelles techniques.<\/span><span style=\"color: #000099;\"><br \/>Trois groupes du niveau vous seront propos\u00e9s, encadr\u00e9s par des moniteurs f\u00e9d\u00e9raux dipl\u00f4m\u00e9s.<br \/><\/span><span style=\"color: #000099;\">Convivialit\u00e9 et bonne humeur sont toujours au rendez-vous.<br \/><\/span><span style=\"color: #000099;\">Attention, les places sont limit\u00e9es, veuillez vous inscrire d\u00e8s que possible.<\/span><\/p>\n<p>Plusieurs tarifs disponibles : nous consulter : <a href=\"mailto:inscription@skiclub-laseynesurmer.com\">inscription@skiclub-laseynesurmer.com<\/a><br \/>D\u00e9part le 26 \u00e0 7 heures du matin et retour le 30 vers 21 heures.<\/p>\n\n\n<p><\/p>\n","protected":false},"excerpt":{"rendered":"<p>Ce stage est organis\u00e9 du 26 au 30 d\u00e9cembre 2025 \u00e0 Vars \u00e0l&#8217;H\u00f4tel &#8220;Le Monte Pente&#8221; situ\u00e9 au pied du t\u00e9l\u00e9si\u00e8ge&nbsp; du&#8221; bois noir&#8221; \u00e0 Vars St Marie. Il est propos\u00e9 \u00e0 tous les membres du club (jeunes et adultes).L&#8217;objectif &hellip; <a href=\"http:\/\/www.skiclub-laseynesurmer.com\/?page_id=229\">Continuer la lecture <span class=\"meta-nav\">&rarr;<\/span><\/a><\/p>\n","protected":false},"author":9,"featured_media":0,"parent":46,"menu_order":2,"comment_status":"closed","ping_status":"closed","template":"onecolumn-page.php","meta":{"ngg_post_thumbnail":0,"footnotes":""},"class_list":["post-229","page","type-page","status-publish","hentry"],"_links":{"self":[{"href":"http:\/\/www.skiclub-laseynesurmer.com\/index.php?rest_route=\/wp\/v2\/pages\/229","targetHints":{"allow":["GET"]}}],"collection":[{"href":"http:\/\/www.skiclub-laseynesurmer.com\/index.php?rest_route=\/wp\/v2\/pages"}],"about":[{"href":"http:\/\/www.skiclub-laseynesurmer.com\/index.php?rest_route=\/wp\/v2\/types\/page"}],"author":[{"embeddable":true,"href":"http:\/\/www.skiclub-laseynesurmer.com\/index.php?rest_route=\/wp\/v2\/users\/9"}],"replies":[{"embeddable":true,"href":"http:\/\/www.skiclub-laseynesurmer.com\/index.php?rest_route=%2Fwp%2Fv2%2Fcomments&post=229"}],"version-history":[{"count":51,"href":"http:\/\/www.skiclub-laseynesurmer.com\/index.php?rest_route=\/wp\/v2\/pages\/229\/revisions"}],"predecessor-version":[{"id":9057,"href":"http:\/\/www.skiclub-laseynesurmer.com\/index.php?rest_route=\/wp\/v2\/pages\/229\/revisions\/9057"}],"up":[{"embeddable":true,"href":"http:\/\/www.skiclub-laseynesurmer.com\/index.php?rest_route=\/wp\/v2\/pages\/46"}],"wp:attachment":[{"href":"http:\/\/www.skiclub-laseynesurmer.com\/index.php?rest_route=%2Fwp%2Fv2%2Fmedia&parent=229"}],"curies":[{"name":"wp","href":"https:\/\/api.w.org\/{rel}","templated":true}]}}