{"id":316,"date":"2011-09-06T08:12:53","date_gmt":"2011-09-06T08:12:53","guid":{"rendered":"http:\/\/s377606150.onlinehome.fr\/Wordpress32\/?page_id=316"},"modified":"2025-10-15T19:51:57","modified_gmt":"2025-10-15T19:51:57","slug":"permanences","status":"publish","type":"page","link":"http:\/\/www.skiclub-laseynesurmer.com\/?page_id=316","title":{"rendered":"Permanences"},"content":{"rendered":"<p style=\"text-align: left;\"><span style=\"color: #ff0000;\"><strong>Assembl\u00e9e d&#8217;ouverture le 15 octobre 2025 \u00e0 18h30 au stade MARQUET<\/strong><\/span><\/p>\n<p style=\"text-align: left;\"><span style=\"color: #ff0000;\">ATTENTION : Les permanences seront ensuite assur\u00e9es tous les mercredis<br>de 18h30 \u00e0 19h30 <\/span><span style=\"color: #ff0000;\">au NOUVEAU si\u00e8ge du club, hors vacances scolaires, <br>soit au <\/span><span style=\"color: #ff0000;\">444 Avenue Jules Renard <\/span><br><span style=\"color: #ff0000;\">83500 La Seyne-sur-Mer. (pr\u00e8s de l&#8217;h\u00f4pital de la Seyne)<br><\/span><strong>Nous sommes dans les locaux de L\u2019Union Sportive Seynoise (USS Rugby)<\/strong>,&nbsp;<br>\u00e0 partir <strong>du mercredi 5 novembre 2025<\/strong>.<\/p>\n<p><a href=\"https:\/\/maps.app.goo.gl\/DwdmYMpicyhaNqTr5\" target=\"_blank\" rel=\"noopener noreferrer\">Retrouvez nous en cliquant ici Point GPS&nbsp;<\/a><\/p>\n\n\n<figure class=\"wp-block-image size-large\"><a href=\"http:\/\/www.skiclub-laseynesurmer.com\/wp-content\/uploads\/2025\/10\/Lieu-permanence.jpg\"><img loading=\"lazy\" decoding=\"async\" width=\"1024\" height=\"536\" src=\"http:\/\/www.skiclub-laseynesurmer.com\/wp-content\/uploads\/2025\/10\/Lieu-permanence-1024x536.jpg\" alt=\"\" class=\"wp-image-9086\" srcset=\"http:\/\/www.skiclub-laseynesurmer.com\/wp-content\/uploads\/2025\/10\/Lieu-permanence-1024x536.jpg 1024w, http:\/\/www.skiclub-laseynesurmer.com\/wp-content\/uploads\/2025\/10\/Lieu-permanence-300x157.jpg 300w, http:\/\/www.skiclub-laseynesurmer.com\/wp-content\/uploads\/2025\/10\/Lieu-permanence-768x402.jpg 768w, http:\/\/www.skiclub-laseynesurmer.com\/wp-content\/uploads\/2025\/10\/Lieu-permanence-1536x804.jpg 1536w, http:\/\/www.skiclub-laseynesurmer.com\/wp-content\/uploads\/2025\/10\/Lieu-permanence.jpg 1749w\" sizes=\"auto, (max-width: 1024px) 100vw, 1024px\" \/><\/a><\/figure>\n","protected":false},"excerpt":{"rendered":"<p>Assembl\u00e9e d&#8217;ouverture le 15 octobre 2025 \u00e0 18h30 au stade MARQUET ATTENTION : Les permanences seront ensuite assur\u00e9es tous les mercredisde 18h30 \u00e0 19h30 au NOUVEAU si\u00e8ge du club, hors vacances scolaires, soit au 444 Avenue Jules Renard 83500 La &hellip; <a href=\"http:\/\/www.skiclub-laseynesurmer.com\/?page_id=316\">Continuer la lecture <span class=\"meta-nav\">&rarr;<\/span><\/a><\/p>\n","protected":false},"author":9,"featured_media":0,"parent":199,"menu_order":0,"comment_status":"closed","ping_status":"closed","template":"","meta":{"ngg_post_thumbnail":0,"footnotes":""},"class_list":["post-316","page","type-page","status-publish","hentry"],"_links":{"self":[{"href":"http:\/\/www.skiclub-laseynesurmer.com\/index.php?rest_route=\/wp\/v2\/pages\/316","targetHints":{"allow":["GET"]}}],"collection":[{"href":"http:\/\/www.skiclub-laseynesurmer.com\/index.php?rest_route=\/wp\/v2\/pages"}],"about":[{"href":"http:\/\/www.skiclub-laseynesurmer.com\/index.php?rest_route=\/wp\/v2\/types\/page"}],"author":[{"embeddable":true,"href":"http:\/\/www.skiclub-laseynesurmer.com\/index.php?rest_route=\/wp\/v2\/users\/9"}],"replies":[{"embeddable":true,"href":"http:\/\/www.skiclub-laseynesurmer.com\/index.php?rest_route=%2Fwp%2Fv2%2Fcomments&post=316"}],"version-history":[{"count":36,"href":"http:\/\/www.skiclub-laseynesurmer.com\/index.php?rest_route=\/wp\/v2\/pages\/316\/revisions"}],"predecessor-version":[{"id":9104,"href":"http:\/\/www.skiclub-laseynesurmer.com\/index.php?rest_route=\/wp\/v2\/pages\/316\/revisions\/9104"}],"up":[{"embeddable":true,"href":"http:\/\/www.skiclub-laseynesurmer.com\/index.php?rest_route=\/wp\/v2\/pages\/199"}],"wp:attachment":[{"href":"http:\/\/www.skiclub-laseynesurmer.com\/index.php?rest_route=%2Fwp%2Fv2%2Fmedia&parent=316"}],"curies":[{"name":"wp","href":"https:\/\/api.w.org\/{rel}","templated":true}]}}