{"id":515,"date":"2011-09-14T17:37:04","date_gmt":"2011-09-14T17:37:04","guid":{"rendered":"http:\/\/www.skiclub-laseynesurmer.com\/?page_id=515"},"modified":"2024-09-06T04:43:37","modified_gmt":"2024-09-06T04:43:37","slug":"deroulement","status":"publish","type":"page","link":"http:\/\/www.skiclub-laseynesurmer.com\/?page_id=515","title":{"rendered":"D\u00e9roulement des week end"},"content":{"rendered":"<p>Il comprend le transport, deux nuits avec petits d\u00e9jeuners et le repas du samedi soir \u00e0 l\u2019h\u00f4tel . ( Parfois nous sommes en pension compl\u00e8te, voir calendrier).<\/p>\n<p>Pour le d\u00e9part, le rendez vous est fix\u00e9 le vendredi soir \u00e0 18h30 devant la boulangerie , 67 Boulevard du 4 Septembre, La Seyne-sur-Mer.<\/p>\n<p><a href=\"https:\/\/www.google.fr\/maps\/place\/Graziani\/@43.1039309,5.8724185,19z\/data=!4m5!3m4!1s0x12c9049c3326fe7f:0x93da7b76e047b579!8m2!3d43.104292!4d5.8714722?hl=fr\" target=\"_blank\" rel=\"noopener\">Point GPS sur Google Maps&nbsp;<\/a><\/p>\n<p>Le d\u00e9part&nbsp;est pr\u00e9vu&nbsp;\u00e0 19 heures imp\u00e9rativement.<\/p>\n<p>Une housse \u00e0 skis et une housse \u00e0 chaussures&nbsp;sont obligatoires.<\/p>\n<p>Une halte de 45 minutes \u00e0 l&#8217;aire d&#8217;autoroute de Manosque permet de se restaurer.<br \/>\nUn mini restaurant est \u00e0 votre disposition, mais il est pr\u00e9f\u00e9rable de pr\u00e9voir un pique nique individuel. (question de temps).<\/p>\n<p>Une fois arriv\u00e9 \u00e0 l&#8217;h\u00f4tel, vers 23 heures, vous pouvez prendre possession de votre chambre.<br \/>\nPensez \u00e0 sortir skis et chaussures de la soute du car.<\/p>\n<p>Dans le car, on vous demande si vous souhaitez prendre des forfaits de ski pour les journ\u00e9es du week end. Ils ne sont pas compris dans le prix de la sortie mais vous b\u00e9n\u00e9ficiez du tarif groupe.<br \/>\nVous les r\u00e8glerez le dimanche soir par virement.&nbsp;<\/p>\n<p>Pour les repas de midi, chacun est autonome, mais souvent nous mangeons ensemble.<br \/>\nChacun paie son menu.<\/p>\n<p>Nous skions le samedi et le dimanche toute la journ\u00e9e de 9 heures \u00e0 17 heures,<br \/>\nmais chacun rentre \u00e0 l&#8217;hotel quand il le souhaite, vu que nous sommes en station.<br \/>\nAp\u00e9ritif vers 19h30 puis repas 20 heures.<\/p>\n<p>Le dimanche matin nous devons lib\u00e9rer les chambres avant notre d\u00e9part au ski. (maxi 10 heures).<\/p>\n<p>Pour le retour du dimanche soir le d\u00e9part pour la Seyne sur mer est&nbsp; pr\u00e9vu vers 17h00.<br \/>\nArr\u00eat &#8220;sandwich&#8221; \u00e0 Aix en Provence &nbsp;vers 21 heures.<br \/>\nArriv\u00e9e aux alentours de 22h30-23h.<\/p>\n<p>&nbsp;<\/p>\n<p>&nbsp;<\/p>\n<p>&nbsp;<\/p>\n","protected":false},"excerpt":{"rendered":"<p>Il comprend le transport, deux nuits avec petits d\u00e9jeuners et le repas du samedi soir \u00e0 l\u2019h\u00f4tel . ( Parfois nous sommes en pension compl\u00e8te, voir calendrier). Pour le d\u00e9part, le rendez vous est fix\u00e9 le vendredi soir \u00e0 18h30 &hellip; <a href=\"http:\/\/www.skiclub-laseynesurmer.com\/?page_id=515\">Continuer la lecture <span class=\"meta-nav\">&rarr;<\/span><\/a><\/p>\n","protected":false},"author":9,"featured_media":0,"parent":46,"menu_order":60,"comment_status":"closed","ping_status":"open","template":"","meta":{"ngg_post_thumbnail":0,"footnotes":""},"class_list":["post-515","page","type-page","status-publish","hentry"],"_links":{"self":[{"href":"http:\/\/www.skiclub-laseynesurmer.com\/index.php?rest_route=\/wp\/v2\/pages\/515","targetHints":{"allow":["GET"]}}],"collection":[{"href":"http:\/\/www.skiclub-laseynesurmer.com\/index.php?rest_route=\/wp\/v2\/pages"}],"about":[{"href":"http:\/\/www.skiclub-laseynesurmer.com\/index.php?rest_route=\/wp\/v2\/types\/page"}],"author":[{"embeddable":true,"href":"http:\/\/www.skiclub-laseynesurmer.com\/index.php?rest_route=\/wp\/v2\/users\/9"}],"replies":[{"embeddable":true,"href":"http:\/\/www.skiclub-laseynesurmer.com\/index.php?rest_route=%2Fwp%2Fv2%2Fcomments&post=515"}],"version-history":[{"count":15,"href":"http:\/\/www.skiclub-laseynesurmer.com\/index.php?rest_route=\/wp\/v2\/pages\/515\/revisions"}],"predecessor-version":[{"id":8554,"href":"http:\/\/www.skiclub-laseynesurmer.com\/index.php?rest_route=\/wp\/v2\/pages\/515\/revisions\/8554"}],"up":[{"embeddable":true,"href":"http:\/\/www.skiclub-laseynesurmer.com\/index.php?rest_route=\/wp\/v2\/pages\/46"}],"wp:attachment":[{"href":"http:\/\/www.skiclub-laseynesurmer.com\/index.php?rest_route=%2Fwp%2Fv2%2Fmedia&parent=515"}],"curies":[{"name":"wp","href":"https:\/\/api.w.org\/{rel}","templated":true}]}}