{"id":535,"date":"2011-09-14T18:33:03","date_gmt":"2011-09-14T18:33:03","guid":{"rendered":"http:\/\/www.skiclub-laseynesurmer.com\/?page_id=535"},"modified":"2024-09-05T17:12:36","modified_gmt":"2024-09-05T17:12:36","slug":"inscription-aux-sorties","status":"publish","type":"page","link":"http:\/\/www.skiclub-laseynesurmer.com\/?page_id=535","title":{"rendered":"Inscription aux sorties"},"content":{"rendered":"<p>Pour s&#8217;inscrire \u00e0 une sortie, il faut :<br \/>\n1\/ Etre membre du club et prendre la licence FFS.<br \/>\n2\/ Venir \u00e0 une permanence un &nbsp;mercredi <strong>1 mois avant la sortie<\/strong> pour&nbsp;s&#8217;inscrire sur la liste de d\u00e9part. A&nbsp; 12 jours, il est peut-\u00eatre possible de se rajouter si l&#8217;h\u00f4tel a encore des places.&nbsp;<\/p>\n<p>3\/ <strong><span style=\"color: #ff0000;\">R\u00e9gler la valeur de la sortie le jour de l&#8217;inscription. (Inscription = paiement).<br \/>\nSans paiement vous n&#8217;\u00eates qu&#8217;en liste d&#8217;attente !<\/span><\/strong><\/p>\n<p>4\/ A la permanence, les inscriptions se font de 18h 30 \u00e0 19h 30.<br \/>\nVous pouvez \u00e9ventuellement nous avertir de votre souhait de vous inscrire \u00e0 une sortie par m\u00e9l et effectuer un paiement par virement. Contacter nous pour recevoir le RIB du club.<\/p>\n<p><strong><span style=\"color: #ff0000;\">Nous ne prendrons plus de r\u00e9servation par t\u00e9l\u00e9phone, texto, whatsapp, messenger, etc&#8230; uniquement par :<\/span><\/strong><br \/>\n<a href=\"mailto:inscription@skiclub-laseynesurmer.com\">inscription@skiclub-laseynesurmer.com<\/a><\/p>\n<p><strong>Attention, certaines sorties doivent se r\u00e9server bien avant !&nbsp;<\/strong><\/p>\n<p><strong>Nous sommes li\u00e9s aux imp\u00e9ratifs des h\u00f4tels !<\/strong><\/p>\n","protected":false},"excerpt":{"rendered":"<p>Pour s&#8217;inscrire \u00e0 une sortie, il faut : 1\/ Etre membre du club et prendre la licence FFS. 2\/ Venir \u00e0 une permanence un &nbsp;mercredi 1 mois avant la sortie pour&nbsp;s&#8217;inscrire sur la liste de d\u00e9part. A&nbsp; 12 jours, il &hellip; <a href=\"http:\/\/www.skiclub-laseynesurmer.com\/?page_id=535\">Continuer la lecture <span class=\"meta-nav\">&rarr;<\/span><\/a><\/p>\n","protected":false},"author":9,"featured_media":0,"parent":46,"menu_order":60,"comment_status":"closed","ping_status":"open","template":"","meta":{"ngg_post_thumbnail":0,"footnotes":""},"class_list":["post-535","page","type-page","status-publish","hentry"],"_links":{"self":[{"href":"http:\/\/www.skiclub-laseynesurmer.com\/index.php?rest_route=\/wp\/v2\/pages\/535","targetHints":{"allow":["GET"]}}],"collection":[{"href":"http:\/\/www.skiclub-laseynesurmer.com\/index.php?rest_route=\/wp\/v2\/pages"}],"about":[{"href":"http:\/\/www.skiclub-laseynesurmer.com\/index.php?rest_route=\/wp\/v2\/types\/page"}],"author":[{"embeddable":true,"href":"http:\/\/www.skiclub-laseynesurmer.com\/index.php?rest_route=\/wp\/v2\/users\/9"}],"replies":[{"embeddable":true,"href":"http:\/\/www.skiclub-laseynesurmer.com\/index.php?rest_route=%2Fwp%2Fv2%2Fcomments&post=535"}],"version-history":[{"count":13,"href":"http:\/\/www.skiclub-laseynesurmer.com\/index.php?rest_route=\/wp\/v2\/pages\/535\/revisions"}],"predecessor-version":[{"id":8476,"href":"http:\/\/www.skiclub-laseynesurmer.com\/index.php?rest_route=\/wp\/v2\/pages\/535\/revisions\/8476"}],"up":[{"embeddable":true,"href":"http:\/\/www.skiclub-laseynesurmer.com\/index.php?rest_route=\/wp\/v2\/pages\/46"}],"wp:attachment":[{"href":"http:\/\/www.skiclub-laseynesurmer.com\/index.php?rest_route=%2Fwp%2Fv2%2Fmedia&parent=535"}],"curies":[{"name":"wp","href":"https:\/\/api.w.org\/{rel}","templated":true}]}}