{"id":817,"date":"2011-12-11T15:22:30","date_gmt":"2011-12-11T15:22:30","guid":{"rendered":"http:\/\/www.skiclub-laseynesurmer.com\/?page_id=817"},"modified":"2013-01-15T05:44:33","modified_gmt":"2013-01-15T05:44:33","slug":"animation-jeunes-10122001","status":"publish","type":"page","link":"http:\/\/www.skiclub-laseynesurmer.com\/?page_id=817","title":{"rendered":"Animation jeunes 10 et 17,18\/12\/2011"},"content":{"rendered":"<p>C&#8217;est avec peu de neige mais avec 14 jeunes recrues que le club a organis\u00e9 une sortie avant saison \u00e0 Isola 2000 le 10 d\u00e9cembre 2011. Des skieurs int\u00e9ress\u00e9s et de la bonne humeur tout au long de la journ\u00e9e. L&#8217;encadrement est\u00a0satisfait de cette premi\u00e8re journ\u00e9e ensoleill\u00e9e.<\/p>\n<p>La\u00a0deuxi\u00e8me\u00a0journ\u00e9e s&#8217;est bien d\u00e9roul\u00e9e aussi, mais avec une temp\u00e9rature de -22\u00b0 ressentie&#8230;pas tr\u00e8s chaud !<\/p>\n<p>Faire d\u00e9filer les photos \u00e0 l&#8217;aide de la souris vers la droite ou vers la gauche.<\/p>\n<p>[scrollGallery id=2]<\/p>\n","protected":false},"excerpt":{"rendered":"<p>C&#8217;est avec peu de neige mais avec 14 jeunes recrues que le club a organis\u00e9 une sortie avant saison \u00e0 Isola 2000 le 10 d\u00e9cembre 2011. Des skieurs int\u00e9ress\u00e9s et de la bonne humeur tout au long de la journ\u00e9e. &hellip; <a href=\"http:\/\/www.skiclub-laseynesurmer.com\/?page_id=817\">Continuer la lecture <span class=\"meta-nav\">&rarr;<\/span><\/a><\/p>\n","protected":false},"author":9,"featured_media":0,"parent":1199,"menu_order":20,"comment_status":"closed","ping_status":"closed","template":"","meta":{"ngg_post_thumbnail":0,"footnotes":""},"class_list":["post-817","page","type-page","status-publish","hentry"],"_links":{"self":[{"href":"http:\/\/www.skiclub-laseynesurmer.com\/index.php?rest_route=\/wp\/v2\/pages\/817","targetHints":{"allow":["GET"]}}],"collection":[{"href":"http:\/\/www.skiclub-laseynesurmer.com\/index.php?rest_route=\/wp\/v2\/pages"}],"about":[{"href":"http:\/\/www.skiclub-laseynesurmer.com\/index.php?rest_route=\/wp\/v2\/types\/page"}],"author":[{"embeddable":true,"href":"http:\/\/www.skiclub-laseynesurmer.com\/index.php?rest_route=\/wp\/v2\/users\/9"}],"replies":[{"embeddable":true,"href":"http:\/\/www.skiclub-laseynesurmer.com\/index.php?rest_route=%2Fwp%2Fv2%2Fcomments&post=817"}],"version-history":[{"count":11,"href":"http:\/\/www.skiclub-laseynesurmer.com\/index.php?rest_route=\/wp\/v2\/pages\/817\/revisions"}],"predecessor-version":[{"id":1202,"href":"http:\/\/www.skiclub-laseynesurmer.com\/index.php?rest_route=\/wp\/v2\/pages\/817\/revisions\/1202"}],"up":[{"embeddable":true,"href":"http:\/\/www.skiclub-laseynesurmer.com\/index.php?rest_route=\/wp\/v2\/pages\/1199"}],"wp:attachment":[{"href":"http:\/\/www.skiclub-laseynesurmer.com\/index.php?rest_route=%2Fwp%2Fv2%2Fmedia&parent=817"}],"curies":[{"name":"wp","href":"https:\/\/api.w.org\/{rel}","templated":true}]}}