{"id":948,"date":"2012-01-16T17:00:36","date_gmt":"2012-01-16T17:00:36","guid":{"rendered":"http:\/\/www.skiclub-laseynesurmer.com\/?page_id=948"},"modified":"2013-01-15T05:47:37","modified_gmt":"2013-01-15T05:47:37","slug":"gp_vidauban_nalle1","status":"publish","type":"page","link":"http:\/\/www.skiclub-laseynesurmer.com\/?page_id=948","title":{"rendered":"GP_Vidauban_Vid\u00e9o-Nall\u00e91"},"content":{"rendered":"<p><iframe loading=\"lazy\" src=\"http:\/\/www.dailymotion.com\/embed\/video\/xnqh5c?logo=0&amp;hideInfos=1\" height=\"360\" width=\"480\" frameborder=\"0\"><\/iframe><br \/>\nC&#8217;est sa premi\u00e8re course,<br \/>\nIl finit 1er varois et 3\u00e8me citadin du comit\u00e9 Alpes Provence.<br \/>\nNotre mascotte est n\u00e9e, \u00e0 suivre avec attention&#8230;<\/p>\n","protected":false},"excerpt":{"rendered":"<p>C&#8217;est sa premi\u00e8re course, Il finit 1er varois et 3\u00e8me citadin du comit\u00e9 Alpes Provence. Notre mascotte est n\u00e9e, \u00e0 suivre avec attention&#8230;<\/p>\n","protected":false},"author":9,"featured_media":0,"parent":1199,"menu_order":70,"comment_status":"closed","ping_status":"closed","template":"","meta":{"ngg_post_thumbnail":0,"footnotes":""},"class_list":["post-948","page","type-page","status-publish","hentry"],"_links":{"self":[{"href":"http:\/\/www.skiclub-laseynesurmer.com\/index.php?rest_route=\/wp\/v2\/pages\/948","targetHints":{"allow":["GET"]}}],"collection":[{"href":"http:\/\/www.skiclub-laseynesurmer.com\/index.php?rest_route=\/wp\/v2\/pages"}],"about":[{"href":"http:\/\/www.skiclub-laseynesurmer.com\/index.php?rest_route=\/wp\/v2\/types\/page"}],"author":[{"embeddable":true,"href":"http:\/\/www.skiclub-laseynesurmer.com\/index.php?rest_route=\/wp\/v2\/users\/9"}],"replies":[{"embeddable":true,"href":"http:\/\/www.skiclub-laseynesurmer.com\/index.php?rest_route=%2Fwp%2Fv2%2Fcomments&post=948"}],"version-history":[{"count":6,"href":"http:\/\/www.skiclub-laseynesurmer.com\/index.php?rest_route=\/wp\/v2\/pages\/948\/revisions"}],"predecessor-version":[{"id":1208,"href":"http:\/\/www.skiclub-laseynesurmer.com\/index.php?rest_route=\/wp\/v2\/pages\/948\/revisions\/1208"}],"up":[{"embeddable":true,"href":"http:\/\/www.skiclub-laseynesurmer.com\/index.php?rest_route=\/wp\/v2\/pages\/1199"}],"wp:attachment":[{"href":"http:\/\/www.skiclub-laseynesurmer.com\/index.php?rest_route=%2Fwp%2Fv2%2Fmedia&parent=948"}],"curies":[{"name":"wp","href":"https:\/\/api.w.org\/{rel}","templated":true}]}}